{"id":25975,"date":"2022-10-11T23:04:56","date_gmt":"2022-10-11T23:04:56","guid":{"rendered":"https:\/\/qlogitek.com\/contactez-nous\/"},"modified":"2026-02-02T14:45:11","modified_gmt":"2026-02-02T14:45:11","slug":"contactez-nous","status":"publish","type":"page","link":"https:\/\/qlogitek.com\/fr-ca\/contactez-nous\/","title":{"rendered":"Contactez-nous"},"content":{"rendered":"\t\t<div data-elementor-type=\"wp-page\" data-elementor-id=\"25975\" class=\"elementor elementor-25975 elementor-12\" data-elementor-post-type=\"page\">\n\t\t\t\t\t\t\t<div class=\" elementor-element elementor-element-840ccfe e-con-full e-flex e-con e-parent\" data-id=\"840ccfe\" data-element_type=\"container\">\r\n\t\t\t\t\t\t<div class=\" elementor-element elementor-element-7e7b5ce e-con-full elementor-hidden-tablet elementor-hidden-mobile e-flex e-con e-child\" data-id=\"7e7b5ce\" data-element_type=\"container\">\r\n\t\t\t\t\t\t<div class=\" elementor-element elementor-element-1f1a3a3 e-con-full e-flex e-con e-child\" data-id=\"1f1a3a3\" data-element_type=\"container\">\r\n\t\t\t\t\t\t<div class=\" elementor-element elementor-element-723855d e-con-full e-flex e-con e-child\" data-id=\"723855d\" data-element_type=\"container\">\r\n\t\t\t\t\t\t<div class=\" elementor-element elementor-element-bf65515 e-con-full elementor-hidden-mobile e-flex e-con e-child\" data-id=\"bf65515\" data-element_type=\"container\" data-settings=\"{&quot;background_background&quot;:&quot;classic&quot;,&quot;animation&quot;:&quot;none&quot;,&quot;animation_delay&quot;:0,&quot;position&quot;:&quot;absolute&quot;}\">\r\n\t\t\t\t\t<div class=\"elementor-element elementor-element-e6ab4cc elementor-widget__width-inherit elementor-widget elementor-widget-image\" data-id=\"e6ab4cc\" data-element_type=\"widget\" data-settings=\"{&quot;_animation&quot;:&quot;none&quot;,&quot;_animation_delay&quot;:0}\" data-widget_type=\"image.default\">\n\t\t\t\t<div class=\"elementor-widget-container\">\n\t\t\t\t\t\t\t\t\t\t\t\t\t\t\t<img fetchpriority=\"high\" decoding=\"async\" width=\"568\" height=\"658\" src=\"https:\/\/qlogitek.com\/wp-content\/uploads\/2025\/12\/SEB-Building-Image.jpg\" class=\"attachment-full size-full wp-image-30700\" alt=\"\" \/>\t\t\t\t\t\t\t\t\t\t\t\t\t\t\t<\/div>\n\t\t\t\t<\/div>\n\t\t\r\n\t\t\t<\/div>\r\n\t\t\t\r\n\t\t\t<\/div>\r\n\t\t\t\t\t\t<div class=\" elementor-element elementor-element-d1f5198 e-con-full e-flex e-con e-child\" data-id=\"d1f5198\" data-element_type=\"container\">\r\n\t\t\t\t\t<div class=\"elementor-element elementor-element-16bcce6 elementor-invisible elementor-widget elementor-widget-heading\" data-id=\"16bcce6\" data-element_type=\"widget\" data-settings=\"{&quot;_animation&quot;:&quot;fadeInUpShorter&quot;}\" data-widget_type=\"heading.default\">\n\t\t\t\t<div class=\"elementor-widget-container\">\n\t\t\t\t\t<p class=\"elementor-heading-title elementor-size-default\">Prenons contact. <\/p>\t\t\t\t<\/div>\n\t\t\t\t<\/div>\n\t\t\t\t<div class=\"elementor-element elementor-element-0253c0b elementor-invisible elementor-widget elementor-widget-udesign_widget_heading\" data-id=\"0253c0b\" data-element_type=\"widget\" data-settings=\"{&quot;_animation&quot;:&quot;fadeInUpShorter&quot;}\" data-widget_type=\"udesign_widget_heading.default\">\n\t\t\t\t<div class=\"elementor-widget-container\">\n\t\t\t\t\t<div class=\"title-wrapper  title-underline title-underline2 title-left\"><h2 class=\"title elementor-heading-title\">Contactez l'\u00e9quipe QLogitek\n<\/h2><\/div>\t\t\t\t<\/div>\n\t\t\t\t<\/div>\n\t\t\t\t\t<div class=\" elementor-element elementor-element-e080261 e-con-full elementor-hidden-tablet elementor-hidden-mobile e-flex elementor-invisible e-con e-child\" data-id=\"e080261\" data-element_type=\"container\" data-settings=\"{&quot;animation&quot;:&quot;fadeInUpShorter&quot;,&quot;animation_delay&quot;:200}\">\r\n\t\t\t\t\t<div class=\"elementor-element elementor-element-d5ef9e0 elementor-widget elementor-widget-udesign_widget_iconbox\" data-id=\"d5ef9e0\" data-element_type=\"widget\" data-widget_type=\"udesign_widget_iconbox.default\">\n\t\t\t\t<div class=\"elementor-widget-container\">\n\t\t\t\t\t<div class=\"icon-box icon-box-side position-left icon-stacked shape-circle\"><div class=\"icon-box-feature\"><i class=\"  u-icon-mobile\"><\/i><\/div><div class=\"icon-box-content\"><p class=\"icon-box-desc\">1-833-231-0648<\/p><\/div><\/div>\t\t\t\t<\/div>\n\t\t\t\t<\/div>\n\t\t\t\t<div class=\"elementor-element elementor-element-4b47b4d elementor-widget elementor-widget-udesign_widget_iconbox\" data-id=\"4b47b4d\" data-element_type=\"widget\" data-widget_type=\"udesign_widget_iconbox.default\">\n\t\t\t\t<div class=\"elementor-widget-container\">\n\t\t\t\t\t<div class=\"icon-box icon-box-side position-left icon-stacked shape-circle\"><a class=\"link\" href=\"mailto:info.its@qlogitek.com\" aria-label=\"Icon Box\" ><\/a><div class=\"icon-box-feature\"><i class=\"far fa-envelope\"><\/i><\/div><div class=\"icon-box-content\"><p class=\"icon-box-desc\">info.its@qlogitek.com<\/p><\/div><\/div>\t\t\t\t<\/div>\n\t\t\t\t<\/div>\n\t\t\t\t<div class=\"elementor-element elementor-element-9d3d395 elementor-widget elementor-widget-udesign_widget_iconbox\" data-id=\"9d3d395\" data-element_type=\"widget\" data-widget_type=\"udesign_widget_iconbox.default\">\n\t\t\t\t<div class=\"elementor-widget-container\">\n\t\t\t\t\t<div class=\"icon-box icon-box-side position-left icon-stacked shape-circle\"><div class=\"icon-box-feature\"><i class=\"  u-icon-map-marker\"><\/i><\/div><div class=\"icon-box-content\"><p class=\"icon-box-desc\">5500 Explorer Drive<br\/>\n3e \u00e9tage<br\/>\nMississauga (Ontario)<br\/>\nL4W 5C7 Canada \n<\/p><\/div><\/div>\t\t\t\t<\/div>\n\t\t\t\t<\/div>\n\t\t\r\n\t\t\t<\/div>\r\n\t\t\t\r\n\t\t\t<\/div>\r\n\t\t\t\r\n\t\t\t<\/div>\r\n\t\t\t\r\n\t\t\t<\/div>\r\n\t\t\t\r\n\t\t\t<\/div>\r\n\t\t\t\t\t\t<div class=\" elementor-element elementor-element-81e27b5 e-con-full e-flex e-con e-parent\" data-id=\"81e27b5\" data-element_type=\"container\">\r\n\t\t\t\t\t\t<div class=\" elementor-element elementor-element-7f5d755 e-con-full elementor-hidden-desktop elementor-hidden-laptop elementor-hidden-tablet_extra e-flex e-con e-child\" data-id=\"7f5d755\" data-element_type=\"container\">\r\n\t\t\t\t\t\t<div class=\" elementor-element elementor-element-c94e0c0 e-con-full e-flex e-con e-child\" data-id=\"c94e0c0\" data-element_type=\"container\">\r\n\t\t\t\t\t\t<div class=\" elementor-element elementor-element-f44e75c e-con-full e-flex e-con e-child\" data-id=\"f44e75c\" data-element_type=\"container\" data-settings=\"{&quot;background_background&quot;:&quot;classic&quot;}\">\r\n\t\t\t\t\t\t<div class=\" elementor-element elementor-element-8f692de e-con-full e-flex e-con e-child\" data-id=\"8f692de\" data-element_type=\"container\" data-settings=\"{&quot;background_background&quot;:&quot;classic&quot;}\">\r\n\t\t\t\t\t<div class=\"elementor-element elementor-element-b1b1a41 elementor-invisible elementor-widget elementor-widget-heading\" data-id=\"b1b1a41\" data-element_type=\"widget\" data-settings=\"{&quot;_animation&quot;:&quot;fadeInUpShorter&quot;}\" data-widget_type=\"heading.default\">\n\t\t\t\t<div class=\"elementor-widget-container\">\n\t\t\t\t\t<p class=\"elementor-heading-title elementor-size-default\">Contact Us<\/p>\t\t\t\t<\/div>\n\t\t\t\t<\/div>\n\t\t\t\t<div class=\"elementor-element elementor-element-e4d7d27 elementor-invisible elementor-widget elementor-widget-udesign_widget_heading\" data-id=\"e4d7d27\" data-element_type=\"widget\" data-settings=\"{&quot;_animation&quot;:&quot;fadeInUpShorter&quot;}\" data-widget_type=\"udesign_widget_heading.default\">\n\t\t\t\t<div class=\"elementor-widget-container\">\n\t\t\t\t\t<div class=\"title-wrapper  title-underline title-underline2 title-left\"><h2 class=\"title elementor-heading-title\">Reach out QLogitek Team<\/h2><\/div>\t\t\t\t<\/div>\n\t\t\t\t<\/div>\n\t\t\r\n\t\t\t<\/div>\r\n\t\t\t\r\n\t\t\t<\/div>\r\n\t\t\t\t\t\t<div class=\" elementor-element elementor-element-080915c e-con-full e-flex e-con e-child\" data-id=\"080915c\" data-element_type=\"container\">\r\n\t\t\t\t\t\t<div class=\" elementor-element elementor-element-b3085b2 e-con-full elementor-hidden-mobile e-flex elementor-invisible e-con e-child\" data-id=\"b3085b2\" data-element_type=\"container\" data-settings=\"{&quot;animation&quot;:&quot;fadeInUpShorter&quot;,&quot;animation_delay&quot;:200}\">\r\n\t\t\t\t\t<div class=\"elementor-element elementor-element-cde4b7c elementor-widget-tablet__width-initial elementor-widget elementor-widget-udesign_widget_iconbox\" data-id=\"cde4b7c\" data-element_type=\"widget\" data-widget_type=\"udesign_widget_iconbox.default\">\n\t\t\t\t<div class=\"elementor-widget-container\">\n\t\t\t\t\t<div class=\"icon-box position-top icon-stacked shape-circle\"><div class=\"icon-box-feature\"><i class=\"  u-icon-mobile\"><\/i><\/div><div class=\"icon-box-content\"><p class=\"icon-box-desc\">1-833-231-0648<\/p><\/div><\/div>\t\t\t\t<\/div>\n\t\t\t\t<\/div>\n\t\t\t\t<div class=\"elementor-element elementor-element-79270a4 elementor-widget-tablet__width-initial elementor-widget elementor-widget-udesign_widget_iconbox\" data-id=\"79270a4\" data-element_type=\"widget\" data-widget_type=\"udesign_widget_iconbox.default\">\n\t\t\t\t<div class=\"elementor-widget-container\">\n\t\t\t\t\t<div class=\"icon-box position-top icon-stacked shape-circle\"><div class=\"icon-box-feature\"><i class=\"far fa-envelope\"><\/i><\/div><div class=\"icon-box-content\"><p class=\"icon-box-desc\">info.esm@qlogitek.com<\/p><\/div><\/div>\t\t\t\t<\/div>\n\t\t\t\t<\/div>\n\t\t\t\t<div class=\"elementor-element elementor-element-943457d elementor-widget-tablet__width-initial elementor-widget elementor-widget-udesign_widget_iconbox\" data-id=\"943457d\" data-element_type=\"widget\" data-widget_type=\"udesign_widget_iconbox.default\">\n\t\t\t\t<div class=\"elementor-widget-container\">\n\t\t\t\t\t<div class=\"icon-box position-top icon-stacked shape-circle\"><div class=\"icon-box-feature\"><i class=\"  u-icon-map-marker\"><\/i><\/div><div class=\"icon-box-content\"><p class=\"icon-box-desc\">5500 Explorer Drive<br\/>\n3e \u00e9tage<br\/>\nMississauga (Ontario)<br\/>\nL4W 5C7 Canada \n<\/p><\/div><\/div>\t\t\t\t<\/div>\n\t\t\t\t<\/div>\n\t\t\r\n\t\t\t<\/div>\r\n\t\t\t\t\t\t<div class=\" elementor-element elementor-element-8aa5015 e-con-full elementor-hidden-tablet e-flex elementor-invisible e-con e-child\" data-id=\"8aa5015\" data-element_type=\"container\" data-settings=\"{&quot;animation&quot;:&quot;fadeInUpShorter&quot;,&quot;animation_delay&quot;:200}\">\r\n\t\t\t\t\t<div class=\"elementor-element elementor-element-176cdbc elementor-widget elementor-widget-udesign_widget_iconbox\" data-id=\"176cdbc\" data-element_type=\"widget\" data-widget_type=\"udesign_widget_iconbox.default\">\n\t\t\t\t<div class=\"elementor-widget-container\">\n\t\t\t\t\t<div class=\"icon-box icon-box-side position-left icon-stacked shape-circle\"><div class=\"icon-box-feature\"><i class=\"  u-icon-mobile\"><\/i><\/div><div class=\"icon-box-content\"><p class=\"icon-box-desc\">1-833-231-0648<\/p><\/div><\/div>\t\t\t\t<\/div>\n\t\t\t\t<\/div>\n\t\t\t\t<div class=\"elementor-element elementor-element-c2465b3 elementor-widget elementor-widget-udesign_widget_iconbox\" data-id=\"c2465b3\" data-element_type=\"widget\" data-widget_type=\"udesign_widget_iconbox.default\">\n\t\t\t\t<div class=\"elementor-widget-container\">\n\t\t\t\t\t<div class=\"icon-box icon-box-side position-left icon-stacked shape-circle\"><div class=\"icon-box-feature\"><i class=\"far fa-envelope\"><\/i><\/div><div class=\"icon-box-content\"><p class=\"icon-box-desc\">info.esm@qlogitek.com<\/p><\/div><\/div>\t\t\t\t<\/div>\n\t\t\t\t<\/div>\n\t\t\t\t<div class=\"elementor-element elementor-element-ada9efe elementor-widget elementor-widget-udesign_widget_iconbox\" data-id=\"ada9efe\" data-element_type=\"widget\" data-widget_type=\"udesign_widget_iconbox.default\">\n\t\t\t\t<div class=\"elementor-widget-container\">\n\t\t\t\t\t<div class=\"icon-box icon-box-side position-left icon-stacked shape-circle\"><div class=\"icon-box-feature\"><i class=\"  u-icon-map-marker\"><\/i><\/div><div class=\"icon-box-content\"><p class=\"icon-box-desc\">5500 Explorer Drive<br\/>\n3e \u00e9tage<br\/>\nMississauga (Ontario)<br\/>\nL4W 5C7 Canada \n<\/p><\/div><\/div>\t\t\t\t<\/div>\n\t\t\t\t<\/div>\n\t\t\r\n\t\t\t<\/div>\r\n\t\t\t\r\n\t\t\t<\/div>\r\n\t\t\t\r\n\t\t\t<\/div>\r\n\t\t\t\r\n\t\t\t<\/div>\r\n\t\t\t\r\n\t\t\t<\/div>\r\n\t\t\t\t\t\t<div class=\" elementor-element elementor-element-7536dde e-con-full e-flex e-con e-parent\" data-id=\"7536dde\" data-element_type=\"container\">\r\n\t\t\t\t\t\t<div class=\" elementor-element elementor-element-ab3675b   e-con-full e-flex e-con e-child\" data-id=\"ab3675b\" data-element_type=\"container\" data-settings=\"{&quot;background_background&quot;:&quot;classic&quot;}\">\r\n\t\t\t\t\t\t<div class=\" elementor-element elementor-element-a3af5bf e-flex e-con-boxed e-con e-child\" data-id=\"a3af5bf\" data-element_type=\"container\">\r\n\t\t\t\t\t\t\t<div class=\"e-con-inner\">\r\n\t\t\t\t\t\t<div class=\"elementor-element elementor-element-26311e3 elementor-widget elementor-widget-udesign_widget_heading\" data-id=\"26311e3\" data-element_type=\"widget\" data-widget_type=\"udesign_widget_heading.default\">\n\t\t\t\t<div class=\"elementor-widget-container\">\n\t\t\t\t\t<div class=\"title-wrapper  title-underline title-underline2 title-center\"><h2 class=\"title elementor-heading-title\">Parlons-en!<\/h2><\/div>\t\t\t\t<\/div>\n\t\t\t\t<\/div>\n\t\t\t\t<div class=\"elementor-element elementor-element-0a1d3ce elementor-widget__width-initial elementor-widget-tablet_extra__width-initial elementor-widget elementor-widget-heading\" data-id=\"0a1d3ce\" data-element_type=\"widget\" data-settings=\"{&quot;_animation&quot;:&quot;none&quot;,&quot;_animation_delay&quot;:0}\" data-widget_type=\"heading.default\">\n\t\t\t\t<div class=\"elementor-widget-container\">\n\t\t\t\t\t<p class=\"elementor-heading-title elementor-size-default\">Donnez-nous vos coordonn\u00e9es et nous vous contacterons !<\/p>\t\t\t\t<\/div>\n\t\t\t\t<\/div>\n\t\t\t\t\t\t<\/div>\r\n\t\t\t\t\r\n\t\t\t<\/div>\r\n\t\t\t\t\t\t<div class=\" elementor-element elementor-element-cfd6d44 e-con-full e-flex e-con e-child\" data-id=\"cfd6d44\" data-element_type=\"container\" data-settings=\"{&quot;background_background&quot;:&quot;gradient&quot;}\">\r\n\t\t\t\t\t<div class=\"elementor-element elementor-element-fe9f868 elementor-widget elementor-widget-html\" data-id=\"fe9f868\" data-element_type=\"widget\" data-widget_type=\"html.default\">\n\t\t\t\t<div class=\"elementor-widget-container\">\n\t\t\t\t\t<script charset=\"utf-8\" type=\"text\/javascript\" src=\"\/\/js.hsforms.net\/forms\/embed\/v2.js\"><\/script>\r\n<script>\r\n  hbspt.forms.create({\r\n    portalId: \"47150663\",\r\n    formId: \"1c6c2cef-2861-4c8b-a3b0-a53ceeb57af4\",\r\n    region: \"na1\"\r\n  });\r\n<\/script>\t\t\t\t<\/div>\n\t\t\t\t<\/div>\n\t\t\r\n\t\t\t<\/div>\r\n\t\t\t\r\n\t\t\t<\/div>\r\n\t\t\t\r\n\t\t\t<\/div>\r\n\t\t\t\t\t\t<div class=\" elementor-element elementor-element-e1b605a e-con-full e-flex e-con e-parent\" data-id=\"e1b605a\" data-element_type=\"container\">\r\n\t\t\t\t\t\t<div class=\" elementor-element elementor-element-44e6b88 e-con-full e-flex e-con e-child\" data-id=\"44e6b88\" data-element_type=\"container\">\r\n\t\t\t\t\t<div class=\"elementor-element elementor-element-a23d687 elementor-widget elementor-widget-google_maps\" data-id=\"a23d687\" data-element_type=\"widget\" data-widget_type=\"google_maps.default\">\n\t\t\t\t<div class=\"elementor-widget-container\">\n\t\t\t\t\t\t\t<div class=\"elementor-custom-embed\">\n\t\t\t<iframe loading=\"lazy\"\n\t\t\t\t\tsrc=\"https:\/\/maps.google.com\/maps?q=5500%20Explorer%20Drive%203e%20%C3%A9tage%20Mississauga%20%28Ontario%29%20L4W%205C7%20Canada&#038;t=m&#038;z=10&#038;output=embed&#038;iwloc=near\"\n\t\t\t\t\ttitle=\"5500 Explorer Drive 3e \u00e9tage Mississauga (Ontario) L4W 5C7 Canada\"\n\t\t\t\t\taria-label=\"5500 Explorer Drive 3e \u00e9tage Mississauga (Ontario) L4W 5C7 Canada\"\n\t\t\t><\/iframe>\n\t\t<\/div>\n\t\t\t\t\t\t<\/div>\n\t\t\t\t<\/div>\n\t\t\r\n\t\t\t<\/div>\r\n\t\t\t\r\n\t\t\t<\/div>\r\n\t\t\t\t\t<\/div>\n\t\t","protected":false},"excerpt":{"rendered":"<p>Prenons contact. Contactez l&rsquo;\u00e9quipe QLogitek 1-833-231-0648 info.its@qlogitek.com 5500 Explorer Drive 3e \u00e9tage Mississauga (Ontario) L4W 5C7 Canada Contact Us Reach out QLogitek Team 1-833-231-0648 info.esm@qlogitek.com 5500 Explorer Drive 3e \u00e9tage Mississauga (Ontario) L4W 5C7 Canada 1-833-231-0648 info.esm@qlogitek.com 5500 Explorer Drive 3e \u00e9tage Mississauga (Ontario) L4W 5C7 Canada Parlons-en! Donnez-nous vos coordonn\u00e9es et nous vous contacterons [&hellip;]<\/p>\n","protected":false},"author":1,"featured_media":0,"parent":0,"menu_order":0,"comment_status":"closed","ping_status":"closed","template":"","meta":{"footnotes":""},"class_list":["post-25975","page","type-page","status-publish","hentry"],"jetpack_sharing_enabled":true,"_links":{"self":[{"href":"https:\/\/qlogitek.com\/fr-ca\/wp-json\/wp\/v2\/pages\/25975","targetHints":{"allow":["GET"]}}],"collection":[{"href":"https:\/\/qlogitek.com\/fr-ca\/wp-json\/wp\/v2\/pages"}],"about":[{"href":"https:\/\/qlogitek.com\/fr-ca\/wp-json\/wp\/v2\/types\/page"}],"author":[{"embeddable":true,"href":"https:\/\/qlogitek.com\/fr-ca\/wp-json\/wp\/v2\/users\/1"}],"replies":[{"embeddable":true,"href":"https:\/\/qlogitek.com\/fr-ca\/wp-json\/wp\/v2\/comments?post=25975"}],"version-history":[{"count":28,"href":"https:\/\/qlogitek.com\/fr-ca\/wp-json\/wp\/v2\/pages\/25975\/revisions"}],"predecessor-version":[{"id":35376,"href":"https:\/\/qlogitek.com\/fr-ca\/wp-json\/wp\/v2\/pages\/25975\/revisions\/35376"}],"wp:attachment":[{"href":"https:\/\/qlogitek.com\/fr-ca\/wp-json\/wp\/v2\/media?parent=25975"}],"curies":[{"name":"wp","href":"https:\/\/api.w.org\/{rel}","templated":true}]}}